{"id":65,"date":"2024-05-14T06:57:06","date_gmt":"2024-05-14T06:57:06","guid":{"rendered":"https:\/\/torespontalapitvany.hu\/?page_id=65"},"modified":"2024-05-14T06:57:27","modified_gmt":"2024-05-14T06:57:27","slug":"impresszum","status":"publish","type":"page","link":"https:\/\/torespontalapitvany.hu\/index.php\/impresszum\/","title":{"rendered":"Impresszum"},"content":{"rendered":"<p>[et_pb_section fb_built=&#8221;1&#8243; theme_builder_area=&#8221;post_content&#8221; _builder_version=&#8221;4.14.1&#8243; _module_preset=&#8221;default&#8221;][et_pb_row _builder_version=&#8221;4.14.1&#8243; _module_preset=&#8221;default&#8221; theme_builder_area=&#8221;post_content&#8221;][et_pb_column _builder_version=&#8221;4.14.1&#8243; _module_preset=&#8221;default&#8221; type=&#8221;4_4&#8243; theme_builder_area=&#8221;post_content&#8221;][et_pb_text _builder_version=&#8221;4.14.1&#8243; _module_preset=&#8221;default&#8221; theme_builder_area=&#8221;post_content&#8221; hover_enabled=&#8221;0&#8243; sticky_enabled=&#8221;0&#8243; text_text_color=&#8221;#000000&#8243;]<\/p>\n<div class=\"et_pb_module et_pb_text et_pb_text_0  et_pb_text_align_left et_pb_bg_layout_light\">\n<div class=\"et_pb_text_inner\">\n<h1>Impresszum<\/h1>\n<\/div>\n<\/div>\n<div class=\"et_pb_module et_pb_text et_pb_text_1  et_pb_text_align_left et_pb_bg_layout_light\">\n<div class=\"et_pb_text_inner\">\n<table>\n<tbody>\n<tr>\n<td><\/td>\n<\/tr>\n<tr>\n<td><strong><em>N\u00e9v:<\/em><\/strong><\/td>\n<td>T\u00f6r\u00e9spont Strat\u00e9giai Alap\u00edtv\u00e1ny<\/td>\n<\/tr>\n<tr>\n<td><strong><em>C\u00edm:<\/em><\/strong><\/td>\n<td>1108 Budapest, Kozma utca 13.<\/td>\n<\/tr>\n<tr>\n<td><strong><em>E-mail:<\/em><\/strong><\/td>\n<td>iroda@fbvszosz.hu<\/td>\n<\/tr>\n<tr>\n<td><strong><em>Nyilv\u00e1ntart\u00e1si sz\u00e1m:<\/em><\/strong><\/td>\n<td>11373\/2011<\/td>\n<\/tr>\n<tr>\n<td><strong><em>Nyilv\u00e1ntart\u00e1sba vette:<\/em><\/strong><\/td>\n<td>F\u0151v\u00e1rosi T\u00f6rv\u00e9nysz\u00e9k<\/td>\n<\/tr>\n<tr>\n<td><strong><em>T\u00e1rhelyszolg\u00e1ltat\u00f3:<\/em><\/strong><\/td>\n<td><span>Mediacenter Hungary Kft.<\/span><\/td>\n<\/tr>\n<tr>\n<td><strong><em>T\u00e1rhelyszolg\u00e1ltat\u00f3 c\u00edme:<\/em><\/strong><\/td>\n<td><span>6000 Kecskem\u00e9t, Erkel Ferenc u. 5.<\/span><\/td>\n<\/tr>\n<tr>\n<td><strong><em>T\u00e1rhelyszolg\u00e1ltat\u00f3 e-mail c\u00edme:<\/em><\/strong><\/td>\n<td>mediacenter@mediacenter.hu<\/td>\n<\/tr>\n<\/tbody>\n<\/table>\n<\/div>\n<\/div>\n<p>[\/et_pb_text][\/et_pb_column][\/et_pb_row][\/et_pb_section]<\/p>\n","protected":false},"excerpt":{"rendered":"<p>Impresszum N\u00e9v: T\u00f6r\u00e9spont Strat\u00e9giai Alap\u00edtv\u00e1ny C\u00edm: 1108 Budapest, Kozma utca 13. E-mail: iroda@fbvszosz.hu Nyilv\u00e1ntart\u00e1si sz\u00e1m: 11373\/2011 Nyilv\u00e1ntart\u00e1sba vette: F\u0151v\u00e1rosi T\u00f6rv\u00e9nysz\u00e9k T\u00e1rhelyszolg\u00e1ltat\u00f3: Mediacenter Hungary Kft. T\u00e1rhelyszolg\u00e1ltat\u00f3 c\u00edme: 6000 Kecskem\u00e9t, Erkel Ferenc u. 5. T\u00e1rhelyszolg\u00e1ltat\u00f3 e-mail c\u00edme: mediacenter@mediacenter.hu<\/p>\n","protected":false},"author":1,"featured_media":0,"parent":0,"menu_order":0,"comment_status":"closed","ping_status":"closed","template":"","meta":{"_et_pb_use_builder":"on","_et_pb_old_content":"","_et_gb_content_width":"","footnotes":""},"class_list":["post-65","page","type-page","status-publish","hentry"],"_links":{"self":[{"href":"https:\/\/torespontalapitvany.hu\/index.php\/wp-json\/wp\/v2\/pages\/65","targetHints":{"allow":["GET"]}}],"collection":[{"href":"https:\/\/torespontalapitvany.hu\/index.php\/wp-json\/wp\/v2\/pages"}],"about":[{"href":"https:\/\/torespontalapitvany.hu\/index.php\/wp-json\/wp\/v2\/types\/page"}],"author":[{"embeddable":true,"href":"https:\/\/torespontalapitvany.hu\/index.php\/wp-json\/wp\/v2\/users\/1"}],"replies":[{"embeddable":true,"href":"https:\/\/torespontalapitvany.hu\/index.php\/wp-json\/wp\/v2\/comments?post=65"}],"version-history":[{"count":3,"href":"https:\/\/torespontalapitvany.hu\/index.php\/wp-json\/wp\/v2\/pages\/65\/revisions"}],"predecessor-version":[{"id":69,"href":"https:\/\/torespontalapitvany.hu\/index.php\/wp-json\/wp\/v2\/pages\/65\/revisions\/69"}],"wp:attachment":[{"href":"https:\/\/torespontalapitvany.hu\/index.php\/wp-json\/wp\/v2\/media?parent=65"}],"curies":[{"name":"wp","href":"https:\/\/api.w.org\/{rel}","templated":true}]}}